{"id":821,"date":"2025-05-02T13:11:45","date_gmt":"2025-05-02T11:11:45","guid":{"rendered":"https:\/\/pakiety.sebastianrurarz.com\/?page_id=821"},"modified":"2025-05-07T22:55:38","modified_gmt":"2025-05-07T20:55:38","slug":"digital-signage","status":"publish","type":"page","link":"https:\/\/pakiety.sebastianrurarz.com\/index.php\/digital-signage\/","title":{"rendered":"Digital Signage"},"content":{"rendered":"\n<div class=\"wp-block-group alignfull has-global-padding is-layout-constrained wp-container-core-group-is-layout-490fa1db wp-block-group-is-layout-constrained\" style=\"padding-top:var(--wp--preset--spacing--50);padding-right:var(--wp--preset--spacing--50);padding-bottom:var(--wp--preset--spacing--50);padding-left:var(--wp--preset--spacing--50)\">\n<div class=\"wp-block-group has-global-padding is-layout-constrained wp-container-core-group-is-layout-650790e1 wp-block-group-is-layout-constrained\">\n<h1 class=\"wp-block-heading has-text-align-center has-x-large-font-size\"><strong>Profesjonalne<br>systemy wy\u015bwietlaj\u0105ce<\/strong><\/h1>\n\n\n\n<p class=\"has-text-align-center\"><\/p>\n\n\n\n<div style=\"height:1.25rem\" aria-hidden=\"true\" class=\"wp-block-spacer\"><\/div>\n\n\n\n<p class=\"has-text-align-center\"><strong>Digital Signage\u200b<\/strong><\/p>\n\n\n\n<div style=\"height:1.25rem\" aria-hidden=\"true\" class=\"wp-block-spacer\"><\/div>\n<\/div>\n\n\n\n<figure class=\"wp-block-image alignwide size-full is-style-rounded is-style-rounded--1\"><img loading=\"lazy\" decoding=\"async\" width=\"1400\" height=\"600\" src=\"https:\/\/pakiety.sebastianrurarz.com\/wp-content\/uploads\/2025\/05\/167_1.jpg.webp\" alt=\"\" class=\"wp-image-860\" srcset=\"https:\/\/pakiety.sebastianrurarz.com\/wp-content\/uploads\/2025\/05\/167_1.jpg.webp 1400w, https:\/\/pakiety.sebastianrurarz.com\/wp-content\/uploads\/2025\/05\/167_1.jpg-300x129.webp 300w, https:\/\/pakiety.sebastianrurarz.com\/wp-content\/uploads\/2025\/05\/167_1.jpg-1024x439.webp 1024w, https:\/\/pakiety.sebastianrurarz.com\/wp-content\/uploads\/2025\/05\/167_1.jpg-768x329.webp 768w\" sizes=\"auto, (max-width: 1400px) 100vw, 1400px\" \/><\/figure>\n<\/div>\n\n\n\n<div class=\"wp-block-group alignfull has-base-background-color has-background has-global-padding is-layout-constrained wp-container-core-group-is-layout-301020a0 wp-block-group-is-layout-constrained\" style=\"padding-top:var(--wp--preset--spacing--50);padding-right:var(--wp--preset--spacing--50);padding-bottom:var(--wp--preset--spacing--50);padding-left:var(--wp--preset--spacing--50)\">\n<div class=\"wp-block-columns alignwide is-layout-flex wp-container-core-columns-is-layout-08c01c1c wp-block-columns-is-layout-flex\">\n<div class=\"wp-block-column is-layout-flow wp-block-column-is-layout-flow\" style=\"flex-basis:33%\">\n<p class=\"has-large-font-size\" style=\"line-height:1.2\"><strong>Czym jest&nbsp;Digital Signage?<\/strong><\/p>\n<\/div>\n\n\n\n<div class=\"wp-block-column is-layout-flow wp-container-core-column-is-layout-119bc444 wp-block-column-is-layout-flow\">\n<div class=\"wp-block-group is-nowrap is-layout-flex wp-container-core-group-is-layout-877c468d wp-block-group-is-layout-flex\">\n<div class=\"wp-block-group is-vertical is-content-justification-left is-nowrap is-layout-flex wp-container-core-group-is-layout-970da055 wp-block-group-is-layout-flex\">\n<p style=\"font-style:normal;font-weight:500\">Digital signage to nowoczesna forma wy\u015bwietlania tre\u015bci multimedialnych na ekranach cyfrowych. Umo\u017cliwia dynamiczne i&nbsp;atrakcyjne prezentowanie informacji, reklam, menu oraz promocji w&nbsp;Twoim biznesie. Dzi\u0119ki temu mo\u017cesz skuteczniej komunikowa\u0107 si\u0119 z&nbsp;klientami i&nbsp;zwi\u0119ksza\u0107 zaanga\u017cowanie.<\/p>\n<\/div>\n<\/div>\n<\/div>\n<\/div>\n<\/div>\n\n\n\n<figure class=\"wp-block-image alignwide size-full is-style-rounded is-style-rounded--2\"><img loading=\"lazy\" decoding=\"async\" width=\"2560\" height=\"731\" src=\"https:\/\/pakiety.sebastianrurarz.com\/wp-content\/uploads\/2025\/05\/cloud_b.jpg\" alt=\"\" class=\"wp-image-1272\" srcset=\"https:\/\/pakiety.sebastianrurarz.com\/wp-content\/uploads\/2025\/05\/cloud_b.jpg 2560w, https:\/\/pakiety.sebastianrurarz.com\/wp-content\/uploads\/2025\/05\/cloud_b-300x86.jpg 300w, https:\/\/pakiety.sebastianrurarz.com\/wp-content\/uploads\/2025\/05\/cloud_b-768x219.jpg 768w, https:\/\/pakiety.sebastianrurarz.com\/wp-content\/uploads\/2025\/05\/cloud_b-1536x439.jpg 1536w, https:\/\/pakiety.sebastianrurarz.com\/wp-content\/uploads\/2025\/05\/cloud_b-2048x585.jpg 2048w\" sizes=\"auto, (max-width: 2560px) 100vw, 2560px\" \/><figcaption class=\"wp-element-caption\">Promolight.pl\rWykorzystanie wy\u015bwietlaczy Digital Signage.\u2028W dzisiejszym \u015bwiecie, gdzie konkurencja jest coraz bardziej zaci\u0119ta, ma\u0142e biznesy lokalne musz\u0105 szuka\u0107 nowych sposob\u00f3w na wyr\u00f3\u017cnienie si\u0119 i przyci\u0105gni\u0119cie uwagi potencjalnych klient\u00f3w.<\/figcaption><\/figure>\n\n\n\n<div class=\"wp-block-group alignfull has-global-padding is-layout-constrained wp-container-core-group-is-layout-d89aad35 wp-block-group-is-layout-constrained\" style=\"margin-top:0;margin-bottom:0;padding-top:var(--wp--preset--spacing--50);padding-right:var(--wp--preset--spacing--50);padding-bottom:var(--wp--preset--spacing--50);padding-left:var(--wp--preset--spacing--50)\">\n<div class=\"wp-block-group alignwide has-global-padding is-layout-constrained wp-container-core-group-is-layout-19e250f3 wp-block-group-is-layout-constrained\">\n<div class=\"wp-block-columns alignwide is-layout-flex wp-container-core-columns-is-layout-d1c656ed wp-block-columns-is-layout-flex\">\n<div class=\"wp-block-column is-vertically-aligned-center is-layout-flow wp-block-column-is-layout-flow\" style=\"flex-basis:40%\">\n<h3 class=\"wp-block-heading is-style-default\"><strong>R\u00f3\u017cnorodne&nbsp;opcje&nbsp;<br>monta\u017cu.<\/strong><\/h3>\n\n\n\n<p>Wszechstronne opcje monta\u017cu:<br>pionowo, poziomo, na \u015bcianie, suficie lub na specjalnych stojakach, co pozwala dopasowa\u0107 instalacj\u0119 do unikalnych potrzeb Twojego wn\u0119trza\u200b.<\/p>\n<\/div>\n\n\n\n<div class=\"wp-block-column is-layout-flow wp-block-column-is-layout-flow\" style=\"flex-basis:50%\">\n<figure class=\"wp-block-image size-full is-resized is-style-rounded is-style-rounded--3\"><img loading=\"lazy\" decoding=\"async\" width=\"1400\" height=\"600\" src=\"https:\/\/pakiety.sebastianrurarz.com\/wp-content\/uploads\/2025\/05\/162_1.jpg-3.webp\" alt=\"\" class=\"wp-image-1134\" style=\"object-fit:cover;width:600px;height:250px\" srcset=\"https:\/\/pakiety.sebastianrurarz.com\/wp-content\/uploads\/2025\/05\/162_1.jpg-3.webp 1400w, https:\/\/pakiety.sebastianrurarz.com\/wp-content\/uploads\/2025\/05\/162_1.jpg-3-300x129.webp 300w, https:\/\/pakiety.sebastianrurarz.com\/wp-content\/uploads\/2025\/05\/162_1.jpg-3-768x329.webp 768w\" sizes=\"auto, (max-width: 1400px) 100vw, 1400px\" \/><\/figure>\n<\/div>\n<\/div>\n\n\n\n<div style=\"height:var(--wp--preset--spacing--40)\" aria-hidden=\"true\" class=\"wp-block-spacer\"><\/div>\n\n\n\n<div class=\"wp-block-columns alignwide is-layout-flex wp-container-core-columns-is-layout-d1c656ed wp-block-columns-is-layout-flex\">\n<div class=\"wp-block-column is-layout-flow wp-block-column-is-layout-flow\" style=\"flex-basis:50%\">\n<figure class=\"wp-block-image size-full is-resized is-style-rounded is-style-rounded--4\"><img loading=\"lazy\" decoding=\"async\" width=\"1400\" height=\"600\" src=\"https:\/\/pakiety.sebastianrurarz.com\/wp-content\/uploads\/2025\/05\/170_1.jpg.webp\" alt=\"\" class=\"wp-image-1138\" style=\"object-fit:cover;width:600px;height:250px\" srcset=\"https:\/\/pakiety.sebastianrurarz.com\/wp-content\/uploads\/2025\/05\/170_1.jpg.webp 1400w, https:\/\/pakiety.sebastianrurarz.com\/wp-content\/uploads\/2025\/05\/170_1.jpg-300x129.webp 300w, https:\/\/pakiety.sebastianrurarz.com\/wp-content\/uploads\/2025\/05\/170_1.jpg-768x329.webp 768w\" sizes=\"auto, (max-width: 1400px) 100vw, 1400px\" \/><\/figure>\n<\/div>\n\n\n\n<div class=\"wp-block-column is-vertically-aligned-center is-layout-flow wp-block-column-is-layout-flow\" style=\"flex-basis:40%\">\n<h3 class=\"wp-block-heading is-style-default\"><strong>Dla kogo s\u0105 ekrany&nbsp;<br>i techologia&nbsp;Digtal Signage.<\/strong><\/h3>\n\n\n\n<p>Ekrany cyfrowe i&nbsp;technologia digital signage to wszechstronne rozwi\u0105zanie dla w\u0142a\u015bcicieli r\u00f3\u017cnorodnych firm, takich jak restauracje, kawiarnie, bary, salony fryzjerskie, salony urody, si\u0142ownie i&nbsp;kluby sportowe. Dzi\u0119ki dynamicznym tre\u015bciom wy\u015bwietlanym na ekranach Twoja firma mo\u017ce si\u0119 wyr\u00f3\u017cni\u0107, przyci\u0105gn\u0105\u0107 uwag\u0119 klient\u00f3w i&nbsp;zwi\u0119kszy\u0107 ich zaanga\u017cowanie.<\/p>\n<\/div>\n<\/div>\n<\/div>\n<\/div>\n\n\n\n<div class=\"wp-block-group alignfull has-global-padding is-layout-constrained wp-container-core-group-is-layout-d89aad35 wp-block-group-is-layout-constrained\" style=\"margin-top:0;margin-bottom:0;padding-top:var(--wp--preset--spacing--50);padding-right:var(--wp--preset--spacing--50);padding-bottom:var(--wp--preset--spacing--50);padding-left:var(--wp--preset--spacing--50)\">\n<div class=\"wp-block-group alignwide has-global-padding is-layout-constrained wp-container-core-group-is-layout-19e250f3 wp-block-group-is-layout-constrained\">\n<div class=\"wp-block-columns alignwide is-layout-flex wp-container-core-columns-is-layout-d1c656ed wp-block-columns-is-layout-flex\">\n<div class=\"wp-block-column is-vertically-aligned-center is-layout-flow wp-block-column-is-layout-flow\" style=\"flex-basis:40%\">\n<h3 class=\"wp-block-heading is-style-default\"><strong>Kompleksowa instalacja<br>i konfiguracja.<\/strong><\/h3>\n\n\n\n<p>Zapewniamy pe\u0142ny zakres us\u0142ug instalacyjnych, od dostarczenia ekran\u00f3w po konfiguracj\u0119 oprogramowania. Dobierzemy odpowiednie ekrany do Twojego biznesu, gwarantuj\u0105c ich najwy\u017csz\u0105 jako\u015b\u0107 i&nbsp;dostosowanie do specyficznych potrzeb. Nasze rozwi\u0105zania digital signage b\u0119d\u0105 dzia\u0142a\u0142y p\u0142ynnie i&nbsp;bezproblemowo.<\/p>\n<\/div>\n\n\n\n<div class=\"wp-block-column is-layout-flow wp-block-column-is-layout-flow\" style=\"flex-basis:50%\">\n<figure class=\"wp-block-image size-full is-resized is-style-rounded is-style-rounded--5\"><img loading=\"lazy\" decoding=\"async\" width=\"1400\" height=\"600\" src=\"https:\/\/pakiety.sebastianrurarz.com\/wp-content\/uploads\/2025\/05\/168_1.jpg.webp\" alt=\"\" class=\"wp-image-1141\" style=\"object-fit:cover;width:600px;height:250px\" srcset=\"https:\/\/pakiety.sebastianrurarz.com\/wp-content\/uploads\/2025\/05\/168_1.jpg.webp 1400w, https:\/\/pakiety.sebastianrurarz.com\/wp-content\/uploads\/2025\/05\/168_1.jpg-300x129.webp 300w, https:\/\/pakiety.sebastianrurarz.com\/wp-content\/uploads\/2025\/05\/168_1.jpg-768x329.webp 768w\" sizes=\"auto, (max-width: 1400px) 100vw, 1400px\" \/><\/figure>\n<\/div>\n<\/div>\n\n\n\n<div style=\"height:var(--wp--preset--spacing--40)\" aria-hidden=\"true\" class=\"wp-block-spacer\"><\/div>\n\n\n\n<div class=\"wp-block-columns alignwide is-layout-flex wp-container-core-columns-is-layout-d1c656ed wp-block-columns-is-layout-flex\">\n<div class=\"wp-block-column is-layout-flow wp-block-column-is-layout-flow\" style=\"flex-basis:50%\">\n<figure class=\"wp-block-image size-full is-resized is-style-rounded is-style-rounded--6\"><img loading=\"lazy\" decoding=\"async\" width=\"1200\" height=\"500\" src=\"https:\/\/pakiety.sebastianrurarz.com\/wp-content\/uploads\/2025\/05\/600x250.jpg\" alt=\"\" class=\"wp-image-1273\" style=\"object-fit:cover;width:600px;height:250px\" srcset=\"https:\/\/pakiety.sebastianrurarz.com\/wp-content\/uploads\/2025\/05\/600x250.jpg 1200w, https:\/\/pakiety.sebastianrurarz.com\/wp-content\/uploads\/2025\/05\/600x250-300x125.jpg 300w, https:\/\/pakiety.sebastianrurarz.com\/wp-content\/uploads\/2025\/05\/600x250-768x320.jpg 768w\" sizes=\"auto, (max-width: 1200px) 100vw, 1200px\" \/><\/figure>\n<\/div>\n\n\n\n<div class=\"wp-block-column is-vertically-aligned-center is-layout-flow wp-block-column-is-layout-flow\" style=\"flex-basis:40%\">\n<h3 class=\"wp-block-heading is-style-default\"><strong>Kontrola&nbsp;i zarz\u0105dzanie&nbsp;<br>tre\u015bci\u0105 z ka\u017cdego&nbsp;miejsca.<\/strong><\/h3>\n\n\n\n<p>Systemy zarz\u0105dzania tre\u015bci\u0105 w&nbsp;chmurze umo\u017cliwiaj\u0105 szybk\u0105 i&nbsp;\u0142atw\u0105 aktualizacj\u0119 tre\u015bci z&nbsp;dowolnego miejsca, co pozwala na bie\u017c\u0105co reagowa\u0107 na potrzeby biznesowe i&nbsp;oczekiwania klient\u00f3w\u200b.<\/p>\n<\/div>\n<\/div>\n<\/div>\n<\/div>\n\n\n\n<div class=\"wp-block-query alignfull is-layout-flow wp-block-query-is-layout-flow\">\n<div class=\"wp-block-group has-global-padding is-content-justification-left is-layout-constrained wp-container-core-group-is-layout-9821ac42 wp-block-group-is-layout-constrained\" style=\"margin-top:0;margin-bottom:0;padding-top:0;padding-right:var(--wp--preset--spacing--40);padding-bottom:var(--wp--preset--spacing--40);padding-left:var(--wp--preset--spacing--40)\">\n<div class=\"wp-block-group alignfull has-custom-accent-green-background-color has-background has-global-padding is-layout-constrained wp-container-core-group-is-layout-a666d811 wp-block-group-is-layout-constrained\" style=\"padding-top:var(--wp--preset--spacing--40);padding-right:var(--wp--preset--spacing--40);padding-bottom:var(--wp--preset--spacing--40);padding-left:var(--wp--preset--spacing--40)\">\n<h2 class=\"wp-block-heading has-text-align-left has-base-2-color has-text-color has-link-color wp-elements-5f1fe9d619d5fd98b6481bb90a96b239\" id=\"schedule-a-visit\" style=\"font-size:clamp(32.969px, 2.061rem + ((1vw - 3.2px) * 2.712), 59px);px;line-height:1.15\">Wi\u0119cej w poni\u017cszych artyku\u0142ach:<\/h2>\n\n\n\n<p><\/p>\n\n\n<ul style=\"text-transform:none;\" class=\"wp-block-post-template is-layout-flow wp-block-post-template-is-layout-flow\"><li class=\"wp-block-post post-1178 post type-post status-publish format-standard has-post-thumbnail hentry category-uncategorized\">\n\n<div class=\"wp-block-group has-global-padding is-content-justification-left is-layout-constrained wp-container-core-group-is-layout-177c594d wp-block-group-is-layout-constrained\">\n<div class=\"wp-block-columns is-layout-flex wp-container-core-columns-is-layout-28f84493 wp-block-columns-is-layout-flex\">\n<div class=\"wp-block-column is-layout-flow wp-block-column-is-layout-flow\" style=\"flex-basis:100%\">\n<div class=\"wp-block-group is-vertical is-content-justification-left is-layout-flex wp-container-core-group-is-layout-5ec79e8f wp-block-group-is-layout-flex\" style=\"padding-bottom:var(--wp--preset--spacing--80)\"><div style=\"font-size:clamp(0.875rem, 0.875rem + ((1vw - 0.2rem) * 0.042), 0.9rem);letter-spacing:1px; margin-top:0;margin-right:0;margin-bottom:0;margin-left:0;\" class=\"has-text-align-left has-link-color wp-elements-99f8e0bba5f7edb9c24028cb1b9dba43 wp-block-post-date has-text-color has-base-2-color\"><time datetime=\"2025-05-04T19:42:54+02:00\">5\/4\/2025<\/time><\/div>\n\n\n<div class=\"wp-block-group has-global-padding is-layout-constrained wp-block-group-is-layout-constrained\" style=\"margin-top:0;margin-bottom:0\"><h2 style=\"font-size:clamp(2.46rem, 2.46rem + ((1vw - 0.2rem) * 3.567), 4.6rem);font-style:normal;font-weight:600;line-height:1;\" class=\"has-link-color wp-elements-925e46841e2021ec2028f9bb846a795a wp-block-post-title has-text-color has-base-2-color\"><a href=\"https:\/\/pakiety.sebastianrurarz.com\/index.php\/2025\/05\/04\/zdalne-zarzadzanie-i-kontrola-tresci-na-ekranach-digital-signage\/\" target=\"_self\" >Zdalne zarz\u0105dzanie i kontrola tre\u015bci na ekranach Digital Signage.<\/a><\/h2><\/div>\n\n\n<div style=\"line-height:1.7;\" class=\"has-link-color wp-elements-0232932151f84ee5dc2b1c55b68f9215 wp-block-post-excerpt has-text-color has-base-2-color has-small-font-size\"><p class=\"wp-block-post-excerpt__excerpt\">Wykorzystanie wy\u015bwietlaczy Digital SignageW dzisiejszym \u015bwiecie dynamicznych technologii, systemy digital signage sta\u0142y si\u0119 kluczowym elementem w komunikacji wizualnej. W Promolight oferujemy zaawansowane rozwi\u0105zania, kt\u00f3re umo\u017cliwiaj\u0105 zdalne zarz\u0105dzanie i kontrol\u0119 tre\u015bci na ekranach, co pozwala naszym klientom na efektywn\u0105 i elastyczn\u0105 komunikacj\u0119 z odbiorcami. Jak Dzia\u0142a Zdalne Zarz\u0105dzanie?\u2028Nasze oprogramowanie do digital signage umo\u017cliwia u\u017cytkownikom tworzenie, planowanie<\/p><p class=\"wp-block-post-excerpt__more-text\"><a class=\"wp-block-post-excerpt__more-link\" href=\"https:\/\/pakiety.sebastianrurarz.com\/index.php\/2025\/05\/04\/zdalne-zarzadzanie-i-kontrola-tresci-na-ekranach-digital-signage\/\"><strong>CZYTAJ DALEJ<\/strong><\/a><\/p><\/div><\/div>\n<\/div>\n<\/div>\n<\/div>\n\n<\/li><li class=\"wp-block-post post-825 post type-post status-publish format-standard has-post-thumbnail hentry category-digital-signage\">\n\n<div class=\"wp-block-group has-global-padding is-content-justification-left is-layout-constrained wp-container-core-group-is-layout-177c594d wp-block-group-is-layout-constrained\">\n<div class=\"wp-block-columns is-layout-flex wp-container-core-columns-is-layout-28f84493 wp-block-columns-is-layout-flex\">\n<div class=\"wp-block-column is-layout-flow wp-block-column-is-layout-flow\" style=\"flex-basis:100%\">\n<div class=\"wp-block-group is-vertical is-content-justification-left is-layout-flex wp-container-core-group-is-layout-5ec79e8f wp-block-group-is-layout-flex\" style=\"padding-bottom:var(--wp--preset--spacing--80)\"><div style=\"font-size:clamp(0.875rem, 0.875rem + ((1vw - 0.2rem) * 0.042), 0.9rem);letter-spacing:1px; margin-top:0;margin-right:0;margin-bottom:0;margin-left:0;\" class=\"has-text-align-left has-link-color wp-elements-99f8e0bba5f7edb9c24028cb1b9dba43 wp-block-post-date has-text-color has-base-2-color\"><time datetime=\"2025-05-02T13:30:51+02:00\">5\/2\/2025<\/time><\/div>\n\n\n<div class=\"wp-block-group has-global-padding is-layout-constrained wp-block-group-is-layout-constrained\" style=\"margin-top:0;margin-bottom:0\"><h2 style=\"font-size:clamp(2.46rem, 2.46rem + ((1vw - 0.2rem) * 3.567), 4.6rem);font-style:normal;font-weight:600;line-height:1;\" class=\"has-link-color wp-elements-925e46841e2021ec2028f9bb846a795a wp-block-post-title has-text-color has-base-2-color\"><a href=\"https:\/\/pakiety.sebastianrurarz.com\/index.php\/2025\/05\/02\/ekrany-cyfrowe-digital-signage\/\" target=\"_self\" >Wykorzystanie wy\u015bwietlaczy Digital Signage w witrynach biznes\u00f3w lokalnych<\/a><\/h2><\/div>\n\n\n<div style=\"line-height:1.7;\" class=\"has-link-color wp-elements-0232932151f84ee5dc2b1c55b68f9215 wp-block-post-excerpt has-text-color has-base-2-color has-small-font-size\"><p class=\"wp-block-post-excerpt__excerpt\">W dzisiejszym \u015bwiecie, gdzie konkurencja jest coraz bardziej zaci\u0119ta, ma\u0142e biznesy lokalne musz\u0105 szuka\u0107 nowych sposob\u00f3w na wyr\u00f3\u017cnienie si\u0119 i przyci\u0105gni\u0119cie uwagi<\/p><p class=\"wp-block-post-excerpt__more-text\"><a class=\"wp-block-post-excerpt__more-link\" href=\"https:\/\/pakiety.sebastianrurarz.com\/index.php\/2025\/05\/02\/ekrany-cyfrowe-digital-signage\/\"><strong>CZYTAJ DALEJ<\/strong><\/a><\/p><\/div><\/div>\n<\/div>\n<\/div>\n<\/div>\n\n<\/li><\/ul><\/div>\n<\/div>\n\n\n\n<div class=\"wp-block-group alignfull has-base-2-background-color has-background has-global-padding is-layout-constrained wp-container-core-group-is-layout-8c174d0b wp-block-group-is-layout-constrained\" style=\"margin-top:0;margin-bottom:0;padding-top:var(--wp--preset--spacing--20);padding-right:var(--wp--preset--spacing--60);padding-bottom:var(--wp--preset--spacing--20);padding-left:var(--wp--preset--spacing--60)\">\n<div class=\"wp-block-group alignwide is-layout-flow wp-block-group-is-layout-flow\">\n<div style=\"height:var(--wp--preset--spacing--50)\" aria-hidden=\"true\" class=\"wp-block-spacer\"><\/div>\n\n\n\n<p class=\"has-text-align-center has-heading-font-family has-x-large-font-size\" style=\"font-style:normal;font-weight:400;line-height:1.2\">Masz pytania lub potrzebujesz pomocy? Skontaktuj si\u0119 ze mn\u0105, aby om\u00f3wi\u0107 Twoje projekty i otrzyma\u0107 <strong>bezp\u0142atn\u0105 wycen\u0119!<\/strong> <br><br><\/p>\n\n\n\n<h3 class=\"wp-block-heading has-text-align-center is-style-default has-accent-3-color has-text-color has-link-color has-large-font-size wp-elements-106994506b1ffb7c172bcfc4fb1cbb6b\">Poni\u017cej znajdziesz orientacyjny cennik.<\/h3>\n\n\n\n<div style=\"height:var(--wp--preset--spacing--50)\" aria-hidden=\"true\" class=\"wp-block-spacer\"><\/div>\n<\/div>\n<\/div>\n<\/div>\n\n\n\n<div class=\"wp-block-group alignfull has-text-color has-background is-layout-flow wp-block-group-is-layout-flow\" style=\"color:#000000;background-color:#ffffff\">\n<div style=\"height:64px\" aria-hidden=\"true\" class=\"wp-block-spacer\"><\/div>\n\n\n\n<p class=\"has-text-align-center has-small-font-size\" style=\"line-height:.9\"><strong>Skontaktuj si\u0119<\/strong><\/p>\n\n\n\n<h2 class=\"wp-block-heading has-text-align-center\" id=\"schedule-a-visit\" style=\"font-size:clamp(32.969px, 2.061rem + ((1vw - 3.2px) * 2.712), 59px);px;line-height:1.15\"><strong>Masz pytania?<\/strong> Dzwo\u0144 lub pisz!<\/h2>\n\n\n\n<h2 class=\"wp-block-heading has-text-align-center\"><strong>+48 606 188 118<\/strong><\/h2>\n\n\n\n<h4 class=\"wp-block-heading has-text-align-center\"><br><a href=\"mailto:pakiety@sebastianrurarz.com\">pakiety@sebastianrurarz.com<\/a><\/h4>\n\n\n\n<div style=\"height:64px\" aria-hidden=\"true\" class=\"wp-block-spacer\"><\/div>\n<\/div>\n","protected":false},"excerpt":{"rendered":"<p>Profesjonalnesystemy wy\u015bwietlaj\u0105ce Digital Signage\u200b Czym jest&nbsp;Digital Signage? Digital signage to nowoczesna forma wy\u015bwietlania tre\u015bci multimedialnych na ekranach cyfrowych. Umo\u017cliwia dynamiczne i&nbsp;atrakcyjne prezentowanie informacji, reklam, menu oraz promocji w&nbsp;Twoim biznesie. Dzi\u0119ki temu mo\u017cesz skuteczniej komunikowa\u0107 si\u0119 z&nbsp;klientami i&nbsp;zwi\u0119ksza\u0107 zaanga\u017cowanie. R\u00f3\u017cnorodne&nbsp;opcje&nbsp;monta\u017cu. Wszechstronne opcje monta\u017cu:pionowo, poziomo, na \u015bcianie, suficie lub na specjalnych stojakach, co pozwala dopasowa\u0107 instalacj\u0119 do [&hellip;]<\/p>\n","protected":false},"author":1,"featured_media":0,"parent":0,"menu_order":6,"comment_status":"open","ping_status":"closed","template":"","meta":{"footnotes":""},"class_list":["post-821","page","type-page","status-publish","hentry"],"_links":{"self":[{"href":"https:\/\/pakiety.sebastianrurarz.com\/index.php\/wp-json\/wp\/v2\/pages\/821","targetHints":{"allow":["GET"]}}],"collection":[{"href":"https:\/\/pakiety.sebastianrurarz.com\/index.php\/wp-json\/wp\/v2\/pages"}],"about":[{"href":"https:\/\/pakiety.sebastianrurarz.com\/index.php\/wp-json\/wp\/v2\/types\/page"}],"author":[{"embeddable":true,"href":"https:\/\/pakiety.sebastianrurarz.com\/index.php\/wp-json\/wp\/v2\/users\/1"}],"replies":[{"embeddable":true,"href":"https:\/\/pakiety.sebastianrurarz.com\/index.php\/wp-json\/wp\/v2\/comments?post=821"}],"version-history":[{"count":61,"href":"https:\/\/pakiety.sebastianrurarz.com\/index.php\/wp-json\/wp\/v2\/pages\/821\/revisions"}],"predecessor-version":[{"id":1274,"href":"https:\/\/pakiety.sebastianrurarz.com\/index.php\/wp-json\/wp\/v2\/pages\/821\/revisions\/1274"}],"wp:attachment":[{"href":"https:\/\/pakiety.sebastianrurarz.com\/index.php\/wp-json\/wp\/v2\/media?parent=821"}],"curies":[{"name":"wp","href":"https:\/\/api.w.org\/{rel}","templated":true}]}}