{"id":717,"date":"2025-04-30T16:46:58","date_gmt":"2025-04-30T14:46:58","guid":{"rendered":"https:\/\/pakiety.sebastianrurarz.com\/?page_id=717"},"modified":"2026-02-04T23:22:21","modified_gmt":"2026-02-04T22:22:21","slug":"strona-glowna","status":"publish","type":"page","link":"https:\/\/pakiety.sebastianrurarz.com\/","title":{"rendered":"Start"},"content":{"rendered":"\n<div class=\"wp-block-group alignfull has-base-background-color has-background has-global-padding is-layout-constrained wp-container-core-group-is-layout-d89aad35 wp-block-group-is-layout-constrained\" style=\"margin-top:0;margin-bottom:0;padding-top:var(--wp--preset--spacing--50);padding-right:var(--wp--preset--spacing--50);padding-bottom:var(--wp--preset--spacing--50);padding-left:var(--wp--preset--spacing--50)\">\n<div class=\"wp-block-columns alignwide is-layout-flex wp-container-core-columns-is-layout-549b0c86 wp-block-columns-is-layout-flex\">\n<div class=\"wp-block-column has-global-padding is-content-justification-left is-layout-constrained wp-container-core-column-is-layout-4f15e8fe wp-block-column-is-layout-constrained\" style=\"flex-basis:40%\">\n<p><strong>Strona g\u0142\u00f3wna<\/strong><\/p>\n<\/div>\n\n\n\n<div class=\"wp-block-column is-layout-flow wp-container-core-column-is-layout-119bc444 wp-block-column-is-layout-flow\" style=\"flex-basis:60%\">\n<p class=\"has-heading-font-family has-x-large-font-size\" style=\"line-height:1.2\">W&nbsp;erze, gdy&nbsp;na&nbsp;rynku dost\u0119pne jest niemal wszystko.<\/p>\n\n\n\n<div class=\"wp-block-columns is-layout-flex wp-container-core-columns-is-layout-87beb0d0 wp-block-columns-is-layout-flex\">\n<div class=\"wp-block-column is-layout-flow wp-block-column-is-layout-flow\">\n<p class=\"wp-container-content-9cfa9a5a\">Wsp\u00f3\u0142czesny rynek przepe\u0142niony jest ofertami. Aby odnie\u015b\u0107 sukces, potrzebujesz strategii, kt\u00f3ra pozwoli Ci przebi\u0107 si\u0119 przez szum informacyjny i przyci\u0105gn\u0105\u0107 uwag\u0119 potencjalnych klient\u00f3w. Oferuj\u0119 kompleksowe us\u0142ugi foto + wideo + projekt + wdro\u017cenia, kt\u00f3re pomog\u0105 Ci osi\u0105gn\u0105\u0107 ten cel.<\/p>\n<\/div>\n<\/div>\n<\/div>\n<\/div>\n<\/div>\n\n\n\n<div class=\"wp-block-group alignfull has-accent-4-background-color has-background has-global-padding is-layout-constrained wp-container-core-group-is-layout-669513ed wp-block-group-is-layout-constrained\" style=\"margin-top:0;margin-bottom:0;padding-top:var(--wp--preset--spacing--50);padding-right:var(--wp--preset--spacing--50);padding-bottom:var(--wp--preset--spacing--50);padding-left:var(--wp--preset--spacing--50)\">\n<div class=\"wp-block-columns alignwide is-layout-flex wp-container-core-columns-is-layout-d0846407 wp-block-columns-is-layout-flex\">\n<div class=\"wp-block-column is-vertically-aligned-stretch is-layout-flow wp-block-column-is-layout-flow\" style=\"flex-basis:40%\">\n<div class=\"wp-block-group is-vertical is-content-justification-left is-layout-flex wp-container-core-group-is-layout-8c3a5bbe wp-block-group-is-layout-flex\" style=\"min-height:100%\">\n<h6 class=\"wp-block-heading has-text-align-right\" style=\"margin-right:0;margin-left:calc( var(--wp--preset--spacing--20) * -1);font-size:clamp(5.174rem, 5.174rem + ((1vw - 0.2rem) * 11.377), 12rem);line-height:1;writing-mode:vertical-rl\">Fotografia<\/h6>\n\n\n\n<div class=\"wp-block-group has-global-padding is-content-justification-left is-layout-constrained wp-container-core-group-is-layout-9fe8ed88 wp-block-group-is-layout-constrained\">\n<p class=\"wp-container-content-0733e5d0\">Zobacz pe\u0142ne informacje  w  dziale <strong>FOTOGRAFIA<\/strong><\/p>\n\n\n\n<div class=\"wp-block-buttons is-layout-flex wp-block-buttons-is-layout-flex\">\n<div class=\"wp-block-button\"><a class=\"wp-block-button__link wp-element-button\" href=\"https:\/\/pakiety.sebastianrurarz.com\/index.php\/01-pakiet-fotografia\/\"><strong>Wi\u0119cej<\/strong> <\/a><\/div>\n<\/div>\n<\/div>\n<\/div>\n<\/div>\n\n\n\n<div class=\"wp-block-column is-vertically-aligned-top is-layout-flow wp-block-column-is-layout-flow\" style=\"flex-basis:60%\">\n<figure class=\"wp-block-image size-large is-style-rounded wp-duotone-duotone-4 is-style-rounded--1\"><img loading=\"lazy\" decoding=\"async\" width=\"768\" height=\"1024\" src=\"https:\/\/pakiety.sebastianrurarz.com\/wp-content\/uploads\/2025\/04\/IMG_1050-768x1024.jpeg\" alt=\"\" class=\"wp-image-731\" style=\"aspect-ratio:3\/4;object-fit:cover\" srcset=\"https:\/\/pakiety.sebastianrurarz.com\/wp-content\/uploads\/2025\/04\/IMG_1050-768x1024.jpeg 768w, https:\/\/pakiety.sebastianrurarz.com\/wp-content\/uploads\/2025\/04\/IMG_1050-225x300.jpeg 225w, https:\/\/pakiety.sebastianrurarz.com\/wp-content\/uploads\/2025\/04\/IMG_1050-1152x1536.jpeg 1152w, https:\/\/pakiety.sebastianrurarz.com\/wp-content\/uploads\/2025\/04\/IMG_1050-1536x2048.jpeg 1536w, https:\/\/pakiety.sebastianrurarz.com\/wp-content\/uploads\/2025\/04\/IMG_1050-scaled.jpeg 1920w\" sizes=\"auto, (max-width: 768px) 100vw, 768px\" \/><\/figure>\n<\/div>\n<\/div>\n<\/div>\n\n\n\n<div class=\"wp-block-group alignfull has-background has-global-padding is-layout-constrained wp-container-core-group-is-layout-669513ed wp-block-group-is-layout-constrained\" style=\"background-color:#c4a3bb;margin-top:0;margin-bottom:0;padding-top:var(--wp--preset--spacing--50);padding-right:var(--wp--preset--spacing--50);padding-bottom:var(--wp--preset--spacing--50);padding-left:var(--wp--preset--spacing--50)\">\n<div class=\"wp-block-columns alignwide is-layout-flex wp-container-core-columns-is-layout-d0846407 wp-block-columns-is-layout-flex\">\n<div class=\"wp-block-column is-vertically-aligned-stretch is-layout-flow wp-block-column-is-layout-flow\" style=\"flex-basis:40%\">\n<div class=\"wp-block-group is-vertical is-content-justification-left is-layout-flex wp-container-core-group-is-layout-8c3a5bbe wp-block-group-is-layout-flex\" style=\"min-height:100%\">\n<h6 class=\"wp-block-heading has-text-align-right\" style=\"margin-right:0;margin-left:calc( var(--wp--preset--spacing--20) * -1);font-size:clamp(5.174rem, 5.174rem + ((1vw - 0.2rem) * 11.377), 12rem);line-height:1;writing-mode:vertical-rl\"> Wideo<\/h6>\n\n\n\n<div class=\"wp-block-group has-global-padding is-content-justification-left is-layout-constrained wp-container-core-group-is-layout-9fe8ed88 wp-block-group-is-layout-constrained\">\n<p class=\"wp-container-content-0733e5d0\">Zobacz pe\u0142ne informacje  w  dziale <strong>WIDEO<\/strong><\/p>\n\n\n\n<div class=\"wp-block-buttons is-layout-flex wp-block-buttons-is-layout-flex\">\n<div class=\"wp-block-button\"><a class=\"wp-block-button__link wp-element-button\" href=\"https:\/\/pakiety.sebastianrurarz.com\/index.php\/video-content\/\">Wi\u0119cej<\/a><\/div>\n<\/div>\n<\/div>\n<\/div>\n<\/div>\n\n\n\n<div class=\"wp-block-column is-vertically-aligned-top is-layout-flow wp-block-column-is-layout-flow\" style=\"flex-basis:60%\">\n<figure class=\"wp-block-image size-large is-style-rounded wp-duotone-111111-c4a3bb-3 is-style-rounded--2\"><img loading=\"lazy\" decoding=\"async\" width=\"768\" height=\"1024\" src=\"https:\/\/pakiety.sebastianrurarz.com\/wp-content\/uploads\/2025\/05\/IMG_1057-768x1024.jpeg\" alt=\"\" class=\"wp-image-756\" style=\"aspect-ratio:3\/4;object-fit:cover\" srcset=\"https:\/\/pakiety.sebastianrurarz.com\/wp-content\/uploads\/2025\/05\/IMG_1057-768x1024.jpeg 768w, https:\/\/pakiety.sebastianrurarz.com\/wp-content\/uploads\/2025\/05\/IMG_1057-225x300.jpeg 225w, https:\/\/pakiety.sebastianrurarz.com\/wp-content\/uploads\/2025\/05\/IMG_1057-1152x1536.jpeg 1152w, https:\/\/pakiety.sebastianrurarz.com\/wp-content\/uploads\/2025\/05\/IMG_1057-1536x2048.jpeg 1536w, https:\/\/pakiety.sebastianrurarz.com\/wp-content\/uploads\/2025\/05\/IMG_1057-scaled.jpeg 1920w\" sizes=\"auto, (max-width: 768px) 100vw, 768px\" \/><\/figure>\n<\/div>\n<\/div>\n<\/div>\n\n\n\n<div class=\"wp-block-group alignfull has-accent-2-background-color has-background has-global-padding is-layout-constrained wp-container-core-group-is-layout-669513ed wp-block-group-is-layout-constrained\" style=\"margin-top:0;margin-bottom:0;padding-top:var(--wp--preset--spacing--50);padding-right:var(--wp--preset--spacing--50);padding-bottom:var(--wp--preset--spacing--50);padding-left:var(--wp--preset--spacing--50)\">\n<div class=\"wp-block-columns alignwide is-layout-flex wp-container-core-columns-is-layout-d0846407 wp-block-columns-is-layout-flex\">\n<div class=\"wp-block-column is-vertically-aligned-stretch is-layout-flow wp-block-column-is-layout-flow\" style=\"flex-basis:40%\">\n<div class=\"wp-block-group is-vertical is-content-justification-left is-layout-flex wp-container-core-group-is-layout-8c3a5bbe wp-block-group-is-layout-flex\" style=\"min-height:100%\">\n<h6 class=\"wp-block-heading has-text-align-right\" style=\"margin-right:0;margin-left:calc( var(--wp--preset--spacing--20) * -1);font-size:clamp(5.174rem, 5.174rem + ((1vw - 0.2rem) * 11.377), 12rem);line-height:1;writing-mode:vertical-rl\"> Projektowanie<\/h6>\n\n\n\n<div class=\"wp-block-group has-global-padding is-content-justification-left is-layout-constrained wp-container-core-group-is-layout-9fe8ed88 wp-block-group-is-layout-constrained\">\n<p class=\"wp-container-content-0733e5d0\">Zobacz pe\u0142ne informacje  w  dziale <strong>PROJEKTOWANIE<\/strong><\/p>\n\n\n\n<div class=\"wp-block-buttons is-layout-flex wp-block-buttons-is-layout-flex\">\n<div class=\"wp-block-button\"><a class=\"wp-block-button__link wp-element-button\" href=\"https:\/\/pakiety.sebastianrurarz.com\/index.php\/projekty\/\">Wi\u0119cej<\/a><\/div>\n<\/div>\n<\/div>\n<\/div>\n<\/div>\n\n\n\n<div class=\"wp-block-column is-vertically-aligned-top is-layout-flow wp-block-column-is-layout-flow\" style=\"flex-basis:60%\">\n<figure class=\"wp-block-image size-large is-style-rounded wp-duotone-duotone-2 is-style-rounded--4\"><img loading=\"lazy\" decoding=\"async\" width=\"1024\" height=\"768\" src=\"https:\/\/pakiety.sebastianrurarz.com\/wp-content\/uploads\/2025\/04\/IMG_1002-1024x768.jpeg\" alt=\"\" class=\"wp-image-706\" style=\"aspect-ratio:3\/4;object-fit:cover\" srcset=\"https:\/\/pakiety.sebastianrurarz.com\/wp-content\/uploads\/2025\/04\/IMG_1002-1024x768.jpeg 1024w, https:\/\/pakiety.sebastianrurarz.com\/wp-content\/uploads\/2025\/04\/IMG_1002-300x225.jpeg 300w, https:\/\/pakiety.sebastianrurarz.com\/wp-content\/uploads\/2025\/04\/IMG_1002-768x576.jpeg 768w, https:\/\/pakiety.sebastianrurarz.com\/wp-content\/uploads\/2025\/04\/IMG_1002-1536x1152.jpeg 1536w, https:\/\/pakiety.sebastianrurarz.com\/wp-content\/uploads\/2025\/04\/IMG_1002-2048x1536.jpeg 2048w\" sizes=\"auto, (max-width: 1024px) 100vw, 1024px\" \/><\/figure>\n<\/div>\n<\/div>\n<\/div>\n\n\n\n<div class=\"wp-block-group alignfull has-accent-5-background-color has-background has-global-padding is-layout-constrained wp-container-core-group-is-layout-669513ed wp-block-group-is-layout-constrained\" style=\"margin-top:0;margin-bottom:0;padding-top:var(--wp--preset--spacing--50);padding-right:var(--wp--preset--spacing--50);padding-bottom:var(--wp--preset--spacing--50);padding-left:var(--wp--preset--spacing--50)\">\n<div class=\"wp-block-columns alignwide is-layout-flex wp-container-core-columns-is-layout-d0846407 wp-block-columns-is-layout-flex\">\n<div class=\"wp-block-column is-vertically-aligned-stretch is-layout-flow wp-block-column-is-layout-flow\" style=\"flex-basis:40%\">\n<div class=\"wp-block-group is-vertical is-content-justification-left is-layout-flex wp-container-core-group-is-layout-8c3a5bbe wp-block-group-is-layout-flex\" style=\"min-height:100%\">\n<h6 class=\"wp-block-heading has-text-align-right\" style=\"margin-right:0;margin-left:calc( var(--wp--preset--spacing--20) * -1);font-size:clamp(5.174rem, 5.174rem + ((1vw - 0.2rem) * 11.377), 12rem);line-height:1;writing-mode:vertical-rl\"> FMCG<\/h6>\n\n\n\n<div class=\"wp-block-group has-global-padding is-content-justification-left is-layout-constrained wp-container-core-group-is-layout-9fe8ed88 wp-block-group-is-layout-constrained\">\n<p class=\"wp-container-content-0733e5d0\">Zobacz pe\u0142ne informacje w dziale <br><strong>FMCG<\/strong><\/p>\n\n\n\n<div class=\"wp-block-buttons is-layout-flex wp-block-buttons-is-layout-flex\">\n<div class=\"wp-block-button\"><a class=\"wp-block-button__link wp-element-button\" href=\"https:\/\/pakiety.sebastianrurarz.com\/index.php\/opakowania\/\">Wi\u0119cej<\/a><\/div>\n<\/div>\n<\/div>\n<\/div>\n<\/div>\n\n\n\n<div class=\"wp-block-column is-vertically-aligned-top is-layout-flow wp-block-column-is-layout-flow\" style=\"flex-basis:60%\">\n<figure class=\"wp-block-image size-full is-style-rounded wp-duotone-duotone-5 is-style-rounded--5\"><img loading=\"lazy\" decoding=\"async\" width=\"2560\" height=\"1440\" src=\"https:\/\/pakiety.sebastianrurarz.com\/wp-content\/uploads\/2025\/04\/Projekt_opakowania.jpg\" alt=\"Zbi\u00f3r projekt\u00f3w opakowa\u0144 - Sebastian Rurarz\" class=\"wp-image-637\" style=\"aspect-ratio:3\/4;object-fit:cover\" srcset=\"https:\/\/pakiety.sebastianrurarz.com\/wp-content\/uploads\/2025\/04\/Projekt_opakowania.jpg 2560w, https:\/\/pakiety.sebastianrurarz.com\/wp-content\/uploads\/2025\/04\/Projekt_opakowania-300x169.jpg 300w, https:\/\/pakiety.sebastianrurarz.com\/wp-content\/uploads\/2025\/04\/Projekt_opakowania-1024x576.jpg 1024w, https:\/\/pakiety.sebastianrurarz.com\/wp-content\/uploads\/2025\/04\/Projekt_opakowania-768x432.jpg 768w, https:\/\/pakiety.sebastianrurarz.com\/wp-content\/uploads\/2025\/04\/Projekt_opakowania-1536x864.jpg 1536w, https:\/\/pakiety.sebastianrurarz.com\/wp-content\/uploads\/2025\/04\/Projekt_opakowania-2048x1152.jpg 2048w\" sizes=\"auto, (max-width: 2560px) 100vw, 2560px\" \/><\/figure>\n<\/div>\n<\/div>\n<\/div>\n\n\n\n<p><\/p>\n","protected":false},"excerpt":{"rendered":"<p>Strona g\u0142\u00f3wna W&nbsp;erze, gdy&nbsp;na&nbsp;rynku dost\u0119pne jest niemal wszystko. Wsp\u00f3\u0142czesny rynek przepe\u0142niony jest ofertami. Aby odnie\u015b\u0107 sukces, potrzebujesz strategii, kt\u00f3ra pozwoli Ci przebi\u0107 si\u0119 przez szum informacyjny i przyci\u0105gn\u0105\u0107 uwag\u0119 potencjalnych klient\u00f3w. Oferuj\u0119 kompleksowe us\u0142ugi foto + wideo + projekt + wdro\u017cenia, kt\u00f3re pomog\u0105 Ci osi\u0105gn\u0105\u0107 ten cel. Fotografia Zobacz pe\u0142ne informacje w dziale FOTOGRAFIA Wideo [&hellip;]<\/p>\n","protected":false},"author":1,"featured_media":0,"parent":0,"menu_order":0,"comment_status":"closed","ping_status":"closed","template":"","meta":{"footnotes":""},"class_list":["post-717","page","type-page","status-publish","hentry"],"_links":{"self":[{"href":"https:\/\/pakiety.sebastianrurarz.com\/index.php\/wp-json\/wp\/v2\/pages\/717","targetHints":{"allow":["GET"]}}],"collection":[{"href":"https:\/\/pakiety.sebastianrurarz.com\/index.php\/wp-json\/wp\/v2\/pages"}],"about":[{"href":"https:\/\/pakiety.sebastianrurarz.com\/index.php\/wp-json\/wp\/v2\/types\/page"}],"author":[{"embeddable":true,"href":"https:\/\/pakiety.sebastianrurarz.com\/index.php\/wp-json\/wp\/v2\/users\/1"}],"replies":[{"embeddable":true,"href":"https:\/\/pakiety.sebastianrurarz.com\/index.php\/wp-json\/wp\/v2\/comments?post=717"}],"version-history":[{"count":40,"href":"https:\/\/pakiety.sebastianrurarz.com\/index.php\/wp-json\/wp\/v2\/pages\/717\/revisions"}],"predecessor-version":[{"id":1309,"href":"https:\/\/pakiety.sebastianrurarz.com\/index.php\/wp-json\/wp\/v2\/pages\/717\/revisions\/1309"}],"wp:attachment":[{"href":"https:\/\/pakiety.sebastianrurarz.com\/index.php\/wp-json\/wp\/v2\/media?parent=717"}],"curies":[{"name":"wp","href":"https:\/\/api.w.org\/{rel}","templated":true}]}}