{"id":322,"date":"2025-03-09T19:18:03","date_gmt":"2025-03-09T18:18:03","guid":{"rendered":"https:\/\/pakiety.sebastianrurarz.com\/?page_id=322"},"modified":"2026-02-04T23:34:58","modified_gmt":"2026-02-04T22:34:58","slug":"video-content","status":"publish","type":"page","link":"https:\/\/pakiety.sebastianrurarz.com\/index.php\/video-content\/","title":{"rendered":"Wideo"},"content":{"rendered":"\n<div class=\"wp-block-group alignfull has-base-background-color has-background has-global-padding is-layout-constrained wp-container-core-group-is-layout-d89aad35 wp-block-group-is-layout-constrained\" style=\"margin-top:0;margin-bottom:0;padding-top:var(--wp--preset--spacing--50);padding-right:var(--wp--preset--spacing--50);padding-bottom:var(--wp--preset--spacing--50);padding-left:var(--wp--preset--spacing--50)\">\n<div class=\"wp-block-columns alignwide is-layout-flex wp-container-core-columns-is-layout-549b0c86 wp-block-columns-is-layout-flex\">\n<div class=\"wp-block-column has-global-padding is-content-justification-left is-layout-constrained wp-container-core-column-is-layout-4f15e8fe wp-block-column-is-layout-constrained\" style=\"flex-basis:40%\">\n<p><strong>02. <strong>Produkcja i monta\u017c film\u00f3w<\/strong>.<\/strong><\/p>\n<\/div>\n\n\n\n<div class=\"wp-block-column is-layout-flow wp-container-core-column-is-layout-119bc444 wp-block-column-is-layout-flow\" style=\"flex-basis:60%\">\n<p class=\"has-heading-font-family has-x-large-font-size\" style=\"line-height:1.2\">Tworzenie i monta\u017c <strong>wideo<\/strong>, dla Twojej firmy. <\/p>\n\n\n\n<div class=\"wp-block-columns is-layout-flex wp-container-core-columns-is-layout-87beb0d0 wp-block-columns-is-layout-flex\">\n<div class=\"wp-block-column is-layout-flow wp-block-column-is-layout-flow\">\n<p class=\"wp-container-content-9cfa9a5a\"><strong>W erze, gdy na rynku dost\u0119pne jest niemal wszystko,<\/strong>&nbsp;<mark style=\"background-color:rgba(0, 0, 0, 0)\" class=\"has-inline-color has-custom-acent-six-color\">wyr\u00f3\u017cnij si\u0119<\/mark>.<\/p>\n<\/div>\n\n\n\n<div class=\"wp-block-column is-layout-flow wp-block-column-is-layout-flow\">\n<p>Moje pakiety wideo to gwarancja najwy\u017cszej jako\u015bci i nowoczesnego podej\u015bcia. Estetyczne i profesjonalne materia\u0142y wideo, kt\u00f3re skutecznie zaprezentuj\u0105 Tw\u00f3j produkt, przebijaj\u0105c si\u0119 przez szum informacyjny i przyci\u0105gaj\u0105c uwag\u0119 potencjalnych klient\u00f3w. Nie oferuj\u0119 tanich sztuczek, tylko realne, efektywne rozwi\u0105zania, kt\u00f3re przynosz\u0105 wymierne rezultaty.<\/p>\n<\/div>\n<\/div>\n<\/div>\n<\/div>\n<\/div>\n\n\n\n<div class=\"wp-block-cover alignfull\" style=\"padding-top:var(--wp--preset--spacing--50);padding-right:var(--wp--preset--spacing--50);padding-bottom:var(--wp--preset--spacing--50);padding-left:var(--wp--preset--spacing--50);min-height:100vh;aspect-ratio:unset;\"><img loading=\"lazy\" decoding=\"async\" width=\"2560\" height=\"1440\" class=\"wp-block-cover__image-background wp-image-779 size-full\" alt=\"\" src=\"https:\/\/pakiety.sebastianrurarz.com\/wp-content\/uploads\/2025\/05\/video_moz.jpg\" data-object-fit=\"cover\" srcset=\"https:\/\/pakiety.sebastianrurarz.com\/wp-content\/uploads\/2025\/05\/video_moz.jpg 2560w, https:\/\/pakiety.sebastianrurarz.com\/wp-content\/uploads\/2025\/05\/video_moz-300x169.jpg 300w, https:\/\/pakiety.sebastianrurarz.com\/wp-content\/uploads\/2025\/05\/video_moz-1024x576.jpg 1024w, https:\/\/pakiety.sebastianrurarz.com\/wp-content\/uploads\/2025\/05\/video_moz-768x432.jpg 768w, https:\/\/pakiety.sebastianrurarz.com\/wp-content\/uploads\/2025\/05\/video_moz-1536x864.jpg 1536w, https:\/\/pakiety.sebastianrurarz.com\/wp-content\/uploads\/2025\/05\/video_moz-2048x1152.jpg 2048w\" sizes=\"auto, (max-width: 2560px) 100vw, 2560px\" \/><span aria-hidden=\"true\" class=\"wp-block-cover__background has-base-background-color has-background-dim-0 has-background-dim\"><\/span><div class=\"wp-block-cover__inner-container has-global-padding is-layout-constrained wp-container-core-cover-is-layout-e4fd886c wp-block-cover-is-layout-constrained\">\n<div style=\"height:500px\" aria-hidden=\"true\" class=\"wp-block-spacer\"><\/div>\n<\/div><\/div>\n\n\n\n<div class=\"wp-block-group alignwide has-text-color has-background is-layout-flow wp-block-group-is-layout-flow\" style=\"color:#000000;background-color:#ffffff\">\n<div style=\"height:64px\" aria-hidden=\"true\" class=\"wp-block-spacer\"><\/div>\n\n\n\n<p class=\"has-text-align-center has-large-font-size\" style=\"line-height:.9\"><strong>Zobacz moje realizacje<\/strong><\/p>\n\n\n\n<div class=\"wp-block-columns is-layout-flex wp-container-core-columns-is-layout-28f84493 wp-block-columns-is-layout-flex\">\n<div class=\"wp-block-column is-vertically-aligned-center is-layout-flow wp-block-column-is-layout-flow\">\n<figure class=\"wp-block-video\"><video controls poster=\"https:\/\/pakiety.sebastianrurarz.com\/wp-content\/uploads\/2025\/03\/Paulina_ishi.png\" src=\"https:\/\/sebastianrurarz.com\/media\/files\/pauishi.mp4\"><\/video><\/figure>\n<\/div>\n\n\n\n<div class=\"wp-block-column is-layout-flow wp-block-column-is-layout-flow\">\n<figure class=\"wp-block-video\"><video controls poster=\"https:\/\/pakiety.sebastianrurarz.com\/wp-content\/uploads\/2025\/03\/ramen.png\" src=\"https:\/\/sebastianrurarz.com\/media\/files\/ramen.mp4\"><\/video><\/figure>\n<\/div>\n\n\n\n<div class=\"wp-block-column is-layout-flow wp-block-column-is-layout-flow\">\n<figure class=\"wp-block-video\"><video controls poster=\"https:\/\/pakiety.sebastianrurarz.com\/wp-content\/uploads\/2025\/03\/MW_O.png\" src=\"https:\/\/sebastianrurarz.com\/media\/files\/MW.mp4\"><\/video><\/figure>\n<\/div>\n<\/div>\n<\/div>\n\n\n\n<div class=\"wp-block-group alignwide has-text-color has-background is-layout-flow wp-block-group-is-layout-flow\" style=\"color:#000000;background-color:#ffffff\">\n<div class=\"wp-block-columns is-layout-flex wp-container-core-columns-is-layout-28f84493 wp-block-columns-is-layout-flex\">\n<div class=\"wp-block-column is-vertically-aligned-center is-layout-flow wp-block-column-is-layout-flow\">\n<figure class=\"wp-block-video\"><video controls poster=\"https:\/\/pakiety.sebastianrurarz.com\/wp-content\/uploads\/2025\/03\/OR.png\" src=\"https:\/\/sebastianrurarz.com\/media\/files\/ORIBE_SM.mp4\"><\/video><\/figure>\n<\/div>\n\n\n\n<div class=\"wp-block-column is-layout-flow wp-block-column-is-layout-flow\">\n<figure class=\"wp-block-video\"><video controls poster=\"https:\/\/pakiety.sebastianrurarz.com\/wp-content\/uploads\/2025\/03\/W_ISHI.png\" src=\"https:\/\/sebastianrurarz.com\/media\/files\/WD2.mp4\"><\/video><\/figure>\n<\/div>\n\n\n\n<div class=\"wp-block-column is-layout-flow wp-block-column-is-layout-flow\">\n<figure class=\"wp-block-video\"><video controls poster=\"https:\/\/pakiety.sebastianrurarz.com\/wp-content\/uploads\/2025\/03\/SNKI.png\" src=\"https:\/\/sebastianrurarz.com\/media\/files\/sanki.MP4\"><\/video><\/figure>\n<\/div>\n<\/div>\n<\/div>\n\n\n\n<div class=\"wp-block-group alignfull has-global-padding is-content-justification-center is-layout-constrained wp-block-group-is-layout-constrained\" style=\"margin-top:0;margin-bottom:0\">\n<div style=\"height:var(--wp--preset--spacing--20)\" aria-hidden=\"true\" class=\"wp-block-spacer\"><\/div>\n\n\n\n<div style=\"height:100px\" aria-hidden=\"true\" class=\"wp-block-spacer\"><\/div>\n\n\n\n<div class=\"wp-block-group alignwide is-layout-flow wp-block-group-is-layout-flow\">\n<div class=\"wp-block-columns alignwide are-vertically-aligned-top is-layout-flex wp-container-core-columns-is-layout-5c8fb865 wp-block-columns-is-layout-flex\">\n<div class=\"wp-block-column is-vertically-aligned-top has-global-padding is-content-justification-left is-layout-constrained wp-container-core-column-is-layout-95996b15 wp-block-column-is-layout-constrained\">\n<h2 class=\"wp-block-heading\">Kursy \/ szkolenia beauty On-line<\/h2>\n<\/div>\n\n\n\n<div class=\"wp-block-column is-vertically-aligned-top is-layout-flow wp-block-column-is-layout-flow\" style=\"flex-basis:40%\">\n<p>Tworzenie i monta\u017c kurs\u00f3w oraz szkole\u0144 w jako\u015bci 4K i 6K z u\u017cyciem kamery Blackmagic oraz oprogramowania DaVinci Resolve to profesjonalne rozwi\u0105zanie, kt\u00f3re pozwala u<strong>zyska\u0107 wyj\u0105tkow\u0105 jako\u015b\u0107 obrazu<\/strong> i d\u017awi\u0119ku. Kamera Blackmagic, np. model PYXIS 6K, rejestruje szczeg\u00f3\u0142owy, kinowy obraz w wysokiej rozdzielczo\u015bci, co jest kluczowe przy <strong>prezentacji detali w szkoleniach beauty czy innych bran\u017cach.<\/strong><\/p>\n<\/div>\n<\/div>\n\n\n\n<div style=\"height:var(--wp--preset--spacing--20)\" aria-hidden=\"true\" class=\"wp-block-spacer\"><\/div>\n\n\n\n<figure class=\"wp-block-image size-full is-resized\"><img loading=\"lazy\" decoding=\"async\" width=\"1280\" height=\"403\" src=\"https:\/\/pakiety.sebastianrurarz.com\/wp-content\/uploads\/2025\/05\/szkolenie_video.gif\" alt=\"\" class=\"wp-image-1077\" style=\"object-fit:cover;width:1280px;height:400px\"\/><\/figure>\n<\/div>\n\n\n\n<div style=\"height:var(--wp--preset--spacing--20)\" aria-hidden=\"true\" class=\"wp-block-spacer\"><\/div>\n<\/div>\n\n\n\n<div class=\"wp-block-group alignfull has-base-2-background-color has-background has-global-padding is-layout-constrained wp-container-core-group-is-layout-7cd14b77 wp-block-group-is-layout-constrained\" style=\"margin-top:0;margin-bottom:0;padding-top:var(--wp--preset--spacing--60);padding-right:var(--wp--preset--spacing--60);padding-bottom:var(--wp--preset--spacing--60);padding-left:var(--wp--preset--spacing--60)\">\n<div class=\"wp-block-group alignwide is-layout-flow wp-block-group-is-layout-flow\">\n<div style=\"height:var(--wp--preset--spacing--50)\" aria-hidden=\"true\" class=\"wp-block-spacer\"><\/div>\n\n\n\n<p class=\"has-text-align-center has-heading-font-family has-x-large-font-size\" style=\"font-style:normal;font-weight:400;line-height:1.2\">Masz pytania lub potrzebujesz pomocy? Skontaktuj si\u0119 ze mn\u0105, aby om\u00f3wi\u0107 Twoje projekty i otrzyma\u0107 <strong>bezp\u0142atn\u0105 wycen\u0119!<\/strong> <br><br><\/p>\n\n\n\n<h3 class=\"wp-block-heading has-text-align-center is-style-default has-accent-3-color has-text-color has-link-color has-large-font-size wp-elements-106994506b1ffb7c172bcfc4fb1cbb6b\">Poni\u017cej znajdziesz orientacyjny cennik.<\/h3>\n\n\n\n<div style=\"height:var(--wp--preset--spacing--50)\" aria-hidden=\"true\" class=\"wp-block-spacer\"><\/div>\n<\/div>\n<\/div>\n\n\n\n<div class=\"wp-block-cover alignfull is-light wp-duotone-unset-1\" style=\"margin-top:0;padding-top:5vw;padding-right:5vw;padding-bottom:5vw;padding-left:5vw\"><span aria-hidden=\"true\" class=\"wp-block-cover__background has-background-dim-100 has-background-dim\" style=\"background-color:#c4a3bb\"><\/span><div class=\"wp-block-cover__inner-container is-layout-flow wp-block-cover-is-layout-flow\">\n<div class=\"wp-block-group is-layout-flex wp-container-core-group-is-layout-e4aad5c3 wp-block-group-is-layout-flex\">\n<div class=\"wp-block-group wp-container-content-9cfa9a5a is-layout-flow wp-container-core-group-is-layout-d6743c7d wp-block-group-is-layout-flow\">\n<p class=\"has-text-align-left has-black-color has-text-color\" style=\"font-size:clamp(67.975px, 4.248rem + ((1vw - 3.2px) * 8.336), 148px);font-style:normal;font-weight:700;letter-spacing:-4px;line-height:0.9;text-transform:none\"><strong>Tworz\u0105c <\/strong><\/p>\n\n\n\n<p class=\"has-text-align-left has-black-color has-text-color\" style=\"font-size:clamp(67.975px, 4.248rem + ((1vw - 3.2px) * 8.336), 148px);font-style:normal;font-weight:700;letter-spacing:-4px;line-height:0.9;text-transform:none\"><strong>Video <\/strong><\/p>\n\n\n\n<p class=\"has-text-align-left has-black-color has-text-color\" style=\"font-size:clamp(67.975px, 4.248rem + ((1vw - 3.2px) * 8.336), 148px);font-style:normal;font-weight:700;letter-spacing:-4px;line-height:0.9;text-transform:none\"><strong>Content<\/strong>,<\/p>\n\n\n\n<p class=\"has-text-align-left has-white-color has-text-color\" style=\"font-size:clamp(67.975px, 4.248rem + ((1vw - 3.2px) * 8.336), 148px);font-style:normal;font-weight:700;letter-spacing:-4px;line-height:0.9;text-transform:none\"><strong>kt\u00f3ry <\/strong><\/p>\n\n\n\n<p class=\"has-text-align-left has-white-color has-text-color\" style=\"font-size:clamp(67.975px, 4.248rem + ((1vw - 3.2px) * 8.336), 148px);font-style:normal;font-weight:700;letter-spacing:-4px;line-height:0.9;text-transform:none\"><strong>przyci\u0105ga<\/strong>.<\/p>\n<\/div>\n\n\n\n<div class=\"wp-block-group wp-container-content-5b91cf2b is-vertical is-nowrap is-layout-flex wp-container-core-group-is-layout-82cc2081 wp-block-group-is-layout-flex\">\n<p style=\"font-size:clamp(14.642px, 0.915rem + ((1vw - 3.2px) * 0.766), 22px);font-style:normal;font-weight:500;letter-spacing:0px;line-height:1.4;text-decoration:none;text-transform:none\"><strong>Estetyka i Kompozycja<\/strong><br><br>Estetyka jest niezwykle wa\u017cna w tworzeniu <strong>wideo<\/strong>. Staram si\u0119 stworzy\u0107 uj\u0119cia, kt\u00f3re nie tylko prezentuj\u0105 Twoj\u0105 mark\u0119 w najlepszym \u015bwietle, ale r\u00f3wnie\u017c s\u0105 dynamiczne i pe\u0142ne energii. Dobieram odpowiednie momenty, k\u0105ty i o\u015bwietlenie, aby stworzy\u0107 harmonijn\u0105 kompozycj\u0119.<\/p>\n<\/div>\n<\/div>\n<\/div><\/div>\n\n\n\n<div style=\"height:26px\" aria-hidden=\"true\" class=\"wp-block-spacer\"><\/div>\n\n\n\n<h2 class=\"wp-block-heading has-text-align-center\" id=\"schedule-a-visit\" style=\"font-size:clamp(32.969px, 2.061rem + ((1vw - 3.2px) * 2.712), 59px);px;line-height:1.15\">Cennik<strong> video content<\/strong>&#8217;u<\/h2>\n\n\n\n<figure class=\"wp-block-table alignwide is-style-stripes has-medium-font-size\" style=\"padding-top:0;padding-right:0;padding-bottom:0;padding-left:0\"><table class=\"has-contrast-2-color has-text-color has-link-color\" style=\"border-style:none;border-width:0px\"><thead><tr><th class=\"has-text-align-left\" data-align=\"left\">Us\u0142uga<\/th><th class=\"has-text-align-left\" data-align=\"left\">Cena netto*<\/th><\/tr><\/thead><tbody><tr><td class=\"has-text-align-left\" data-align=\"left\"><strong>Social Media Video<\/strong> (Kr\u00f3tkie filmy na Facebook, Instagram, TikTok, monta\u017c, korekcja kolor\u00f3w)<\/td><td class=\"has-text-align-left\" data-align=\"left\">od 300 z\u0142 \/ projekt<\/td><\/tr><tr><td class=\"has-text-align-left\" data-align=\"left\"><strong>Filmy promocyjne <\/strong>(Produkcja film\u00f3w reklamowych, scenariusz, nagranie, monta\u017c)<\/td><td class=\"has-text-align-left\" data-align=\"left\">od 2500 z\u0142 \/ film<\/td><\/tr><tr><td class=\"has-text-align-left\" data-align=\"left\"><strong>Content Video<\/strong> (Seria materia\u0142\u00f3w wideo do kampanii, monta\u017c, animacje)<\/td><td class=\"has-text-align-left\" data-align=\"left\">od 1500 z\u0142 \/ projekt<\/td><\/tr><tr><td class=\"has-text-align-left\" data-align=\"left\"><\/td><td class=\"has-text-align-left\" data-align=\"left\"><\/td><\/tr><\/tbody><tfoot><tr><td class=\"has-text-align-left\" data-align=\"left\">* Podane ceny s\u0105 orientacyjne. <br>Podane ceny nie stanowi\u0105 oferty handlowej w rozumieniu art. 66 \u00a71 Kodeksu Cywilnego. <br>Ostateczna cena zostanie ustalona po uzyskaniu wszystkich niezb\u0119dnych informacji.<\/td><td class=\"has-text-align-left\" data-align=\"left\"><\/td><\/tr><\/tfoot><\/table><\/figure>\n\n\n\n<div style=\"height:100px\" aria-hidden=\"true\" class=\"wp-block-spacer\"><\/div>\n\n\n\n<div class=\"wp-block-columns alignwide is-layout-flex wp-container-core-columns-is-layout-28f84493 wp-block-columns-is-layout-flex\">\n<div class=\"wp-block-column is-layout-flow wp-block-column-is-layout-flow\">\n<div class=\"wp-block-group alignwide has-custom-accent-six-background-color has-background has-global-padding is-layout-constrained wp-container-core-group-is-layout-39412042 wp-block-group-is-layout-constrained\" style=\"border-radius:16px;padding-top:var(--wp--preset--spacing--40);padding-right:var(--wp--preset--spacing--50);padding-bottom:var(--wp--preset--spacing--40);padding-left:var(--wp--preset--spacing--50)\">\n<div style=\"height:var(--wp--preset--spacing--10)\" aria-hidden=\"true\" class=\"wp-block-spacer\"><\/div>\n\n\n\n<h2 class=\"wp-block-heading has-text-align-center has-x-large-font-size\">Zobacz moje <strong>portfolio<\/strong><\/h2>\n\n\n\n<p class=\"has-text-align-center\">Zobacz moje wybrane portfolio<\/p>\n\n\n\n<div class=\"wp-block-buttons is-content-justification-center is-layout-flex wp-container-core-buttons-is-layout-a89b3969 wp-block-buttons-is-layout-flex\">\n<div class=\"wp-block-button is-style-outline is-style-outline--2\"><a class=\"wp-block-button__link wp-element-button\" href=\"https:\/\/sebastianrurarz.com\/media\/pdf\/portfolio_sebastian_rurarz.pdf\" target=\"_blank\" rel=\" noreferrer noopener nofollow\">Zobacz PDF<\/a><\/div>\n<\/div>\n\n\n\n<div style=\"height:var(--wp--preset--spacing--10)\" aria-hidden=\"true\" class=\"wp-block-spacer\"><\/div>\n<\/div>\n<\/div>\n\n\n\n<div class=\"wp-block-column is-layout-flow wp-block-column-is-layout-flow\">\n<div class=\"wp-block-group alignwide has-custom-accent-green-background-color has-background has-global-padding is-layout-constrained wp-container-core-group-is-layout-39412042 wp-block-group-is-layout-constrained\" style=\"border-radius:16px;padding-top:var(--wp--preset--spacing--40);padding-right:var(--wp--preset--spacing--50);padding-bottom:var(--wp--preset--spacing--40);padding-left:var(--wp--preset--spacing--50)\">\n<div style=\"height:var(--wp--preset--spacing--10)\" aria-hidden=\"true\" class=\"wp-block-spacer\"><\/div>\n\n\n\n<h2 class=\"wp-block-heading has-text-align-center is-style-default has-base-2-color has-text-color has-link-color has-x-large-font-size wp-elements-2dd67843611e6361e1ba9cc36e580465\"><strong>Brief<\/strong> do&nbsp;pobrania<\/h2>\n\n\n\n<p class=\"has-text-align-center has-base-2-color has-text-color has-link-color wp-elements-d894e6ecb99613f7c08aa83b0f5ae9ad\">Tworzenie i monta\u017c wideo<\/p>\n\n\n\n<div class=\"wp-block-file aligncenter\"><a id=\"wp-block-file--media-03a26460-4fd2-4acd-adfe-bc4752548eae\" href=\"https:\/\/pakiety.sebastianrurarz.com\/wp-content\/uploads\/2025\/05\/Brief-\u2013-tworzenie-i-montaz-wideo.pdf\">Brief \u2013 tworzenie i monta\u017c wideo<\/a><a href=\"https:\/\/pakiety.sebastianrurarz.com\/wp-content\/uploads\/2025\/05\/Brief-\u2013-tworzenie-i-montaz-wideo.pdf\" class=\"wp-block-file__button wp-element-button\" download aria-describedby=\"wp-block-file--media-03a26460-4fd2-4acd-adfe-bc4752548eae\">Pobierz PDF<\/a><\/div>\n\n\n\n<div style=\"height:var(--wp--preset--spacing--10)\" aria-hidden=\"true\" class=\"wp-block-spacer\"><\/div>\n<\/div>\n<\/div>\n<\/div>\n\n\n\n<div class=\"wp-block-group alignfull has-text-color has-background is-layout-flow wp-block-group-is-layout-flow\" style=\"color:#000000;background-color:#ffffff\">\n<div style=\"height:64px\" aria-hidden=\"true\" class=\"wp-block-spacer\"><\/div>\n\n\n\n<p class=\"has-text-align-center has-small-font-size\" style=\"line-height:.9\"><strong>Skontaktuj si\u0119<\/strong><\/p>\n\n\n\n<h2 class=\"wp-block-heading has-text-align-center\" id=\"schedule-a-visit\" style=\"font-size:clamp(32.969px, 2.061rem + ((1vw - 3.2px) * 2.712), 59px);px;line-height:1.15\"><strong>Masz pytania?<\/strong> Dzwo\u0144 lub pisz!<\/h2>\n\n\n\n<h2 class=\"wp-block-heading has-text-align-center\"><strong>+48 606 188 118<\/strong><\/h2>\n\n\n\n<h4 class=\"wp-block-heading has-text-align-center\"><br><a href=\"mailto:pakiety@sebastianrurarz.com\">pakiety@sebastianrurarz.com<\/a><\/h4>\n\n\n\n<div style=\"height:64px\" aria-hidden=\"true\" class=\"wp-block-spacer\"><\/div>\n<\/div>\n","protected":false},"excerpt":{"rendered":"<p>02. Produkcja i monta\u017c film\u00f3w. Tworzenie i monta\u017c wideo, dla Twojej firmy. W erze, gdy na rynku dost\u0119pne jest niemal wszystko,&nbsp;wyr\u00f3\u017cnij si\u0119. Moje pakiety wideo to gwarancja najwy\u017cszej jako\u015bci i nowoczesnego podej\u015bcia. Estetyczne i profesjonalne materia\u0142y wideo, kt\u00f3re skutecznie zaprezentuj\u0105 Tw\u00f3j produkt, przebijaj\u0105c si\u0119 przez szum informacyjny i przyci\u0105gaj\u0105c uwag\u0119 potencjalnych klient\u00f3w. Nie oferuj\u0119 tanich [&hellip;]<\/p>\n","protected":false},"author":1,"featured_media":0,"parent":0,"menu_order":2,"comment_status":"closed","ping_status":"closed","template":"","meta":{"footnotes":""},"class_list":["post-322","page","type-page","status-publish","hentry"],"_links":{"self":[{"href":"https:\/\/pakiety.sebastianrurarz.com\/index.php\/wp-json\/wp\/v2\/pages\/322","targetHints":{"allow":["GET"]}}],"collection":[{"href":"https:\/\/pakiety.sebastianrurarz.com\/index.php\/wp-json\/wp\/v2\/pages"}],"about":[{"href":"https:\/\/pakiety.sebastianrurarz.com\/index.php\/wp-json\/wp\/v2\/types\/page"}],"author":[{"embeddable":true,"href":"https:\/\/pakiety.sebastianrurarz.com\/index.php\/wp-json\/wp\/v2\/users\/1"}],"replies":[{"embeddable":true,"href":"https:\/\/pakiety.sebastianrurarz.com\/index.php\/wp-json\/wp\/v2\/comments?post=322"}],"version-history":[{"count":82,"href":"https:\/\/pakiety.sebastianrurarz.com\/index.php\/wp-json\/wp\/v2\/pages\/322\/revisions"}],"predecessor-version":[{"id":1313,"href":"https:\/\/pakiety.sebastianrurarz.com\/index.php\/wp-json\/wp\/v2\/pages\/322\/revisions\/1313"}],"wp:attachment":[{"href":"https:\/\/pakiety.sebastianrurarz.com\/index.php\/wp-json\/wp\/v2\/media?parent=322"}],"curies":[{"name":"wp","href":"https:\/\/api.w.org\/{rel}","templated":true}]}}